{"id":1,"date":"2019-09-05T08:43:56","date_gmt":"2019-09-05T08:43:56","guid":{"rendered":"https:\/\/www.monsieurmoyen.com\/?page_id=1"},"modified":"2026-03-26T10:54:22","modified_gmt":"2026-03-26T10:54:22","slug":"home","status":"publish","type":"page","link":"https:\/\/www.monsieurmoyen.com\/","title":{"rendered":"Home"},"content":{"rendered":"<p><video src=\"\/wp-content\/uploads\/2026\/03\/sitemoyencompress-1.mp4\" poster=\"\"><\/video><\/p>\n<h1>Monsieur Moyen,<br \/>\nQualit\u00e9 sup\u00e9rieure<\/h1>\n<ul>\n<li>\n<p>        <img decoding=\"async\" src=\"\/wp-content\/uploads\/2026\/03\/omie_preview.jpg\" alt=\"\"><\/p>\n<p>        <video src=\"\/wp-content\/uploads\/2026\/03\/omie_preview.mp4\"><\/video><\/p>\n<div>OMIE<\/div>\n<p><a href=\"https:\/\/vimeo.com\/1170334723\"><\/a><\/p>\n<\/li>\n<li>\n<p>        <img decoding=\"async\" src=\"\/wp-content\/uploads\/2026\/03\/clementfaugier_preview.jpg\" alt=\"\"><\/p>\n<p>        <video src=\"\/wp-content\/uploads\/2026\/03\/ClementFaugierpreview.mp4\"><\/video><\/p>\n<div>Cl\u00e9ment Faugier<\/div>\n<p><a href=\"https:\/\/vimeo.com\/1089062595\"><\/a><\/p>\n<\/li>\n<li>\n<p>        <img decoding=\"async\" src=\"\/wp-content\/uploads\/2026\/03\/Still-2026-03-06-224754_2.3.1.png\" alt=\"\"><\/p>\n<p>        <video src=\"\/wp-content\/uploads\/2026\/03\/Medio_preview_site.mp4\"><\/video><\/p>\n<div>MEDIO!<\/div>\n<p><a href=\"https:\/\/vimeo.com\/1162239205\"><\/a><\/p>\n<\/li>\n<li>\n<p>        <img decoding=\"async\" src=\"\/wp-content\/uploads\/2026\/03\/swnh_preview2-2-scaled.jpg\" alt=\"\"><\/p>\n<p><img decoding=\"async\" src=\"\/wp-content\/uploads\/2026\/03\/swnh.mp4\" alt><\/p>\n<div>Some Wounds Never Heal<\/div>\n<p><a href=\"https:\/\/vimeo.com\/1069285054\"><\/a><\/p>\n<\/li>\n<li>\n<p>        <img decoding=\"async\" src=\"\/wp-content\/uploads\/2026\/03\/medio_preview.jpg\" alt=\"\"><\/p>\n<p>        <video src=\"\/wp-content\/uploads\/2026\/03\/Sontloseyourhead_preview.mp4\"><\/video><\/p>\n<div>Don&#8217;t Lose Your Head<\/div>\n<p><a href=\"https:\/\/vimeo.com\/1102019909\"><\/a><\/p>\n<\/li>\n<li>\n<p>        <img decoding=\"async\" src=\"\/wp-content\/uploads\/2026\/03\/thumbnailalaf-scaled.jpg\" alt=\"\"><\/p>\n<p>        <video src=\"\/wp-content\/uploads\/2026\/03\/alaf.mp4\"><\/video><\/p>\n<div>L&#8217;amour \u00e0 la fran\u00e7aise<\/div>\n<p><a href=\"https:\/\/vimeo.com\/5542881\"><\/a><\/p>\n<\/li>\n<\/ul>\n<h1>contact<\/h1>\n<div>\n<style id=\"wpforms-css-vars-2254\">\n\t\t\t\t#wpforms-2254 {\n\t\t\t\t--wpforms-field-border-style: dashed;\n--wpforms-field-border-color: rgba(0, 0, 0, 0.25);\n--wpforms-field-border-color-spare: rgba(0, 0, 0, 0.25);\n--wpforms-field-text-color: rgba(0, 0, 0, 0.7);\n--wpforms-label-color: #ffffff;\n--wpforms-label-sublabel-color: #ffffff;\n--wpforms-container-padding: 0px;\n--wpforms-container-border-width: 1px;\n--wpforms-container-border-radius: 3px;\n--wpforms-background-color: rgba(0, 0, 0, 0);\n--wpforms-field-size-input-height: 43px;\n--wpforms-field-size-input-spacing: 15px;\n--wpforms-field-size-font-size: 16px;\n--wpforms-field-size-line-height: 19px;\n--wpforms-field-size-padding-h: 14px;\n--wpforms-field-size-checkbox-size: 16px;\n--wpforms-field-size-sublabel-spacing: 5px;\n--wpforms-field-size-icon-size: 1;\n--wpforms-label-size-font-size: 16px;\n--wpforms-label-size-line-height: 19px;\n--wpforms-label-size-sublabel-font-size: 14px;\n--wpforms-label-size-sublabel-line-height: 17px;\n--wpforms-button-size-font-size: 17px;\n--wpforms-button-size-height: 41px;\n--wpforms-button-size-padding-h: 15px;\n--wpforms-button-size-margin-top: 10px;\n--wpforms-container-shadow-size-box-shadow: none;\n\t\t\t}\n\t\t\t<\/style><div class=\"wpforms-container wpforms-container-full wpforms-render-modern\" id=\"wpforms-2254\"><form id=\"wpforms-form-2254\" class=\"wpforms-validate wpforms-form wpforms-ajax-form\" data-formid=\"2254\" method=\"post\" enctype=\"multipart\/form-data\" action=\"\/index.php?rest_route=%2Fwp%2Fv2%2Fpages%2F1\" data-token=\"d5bfe076bfa2bfd027aab2a6265dd66c\" data-token-time=\"1776770846\"><noscript class=\"wpforms-error-noscript\">Please enable JavaScript in your browser to complete this form.<\/noscript><div id=\"wpforms-error-noscript\" style=\"display: none;\">Please enable JavaScript in your browser to complete this form.<\/div><div class=\"wpforms-field-container\">\t\t<div id=\"wpforms-2254-field_4-container\"\n\t\t\tclass=\"wpforms-field wpforms-field-text\"\n\t\t\tdata-field-type=\"text\"\n\t\t\tdata-field-id=\"4\"\n\t\t\t>\n\t\t\t<label class=\"wpforms-field-label\" for=\"wpforms-2254-field_4\" >Message Nom Email<\/label>\n\t\t\t<input type=\"text\" id=\"wpforms-2254-field_4\" class=\"wpforms-field-medium\" name=\"wpforms[fields][4]\" >\n\t\t<\/div>\n\t\t<div id=\"wpforms-2254-field_1-container\" class=\"wpforms-field wpforms-field-name wpforms-one-half wpforms-first\" data-field-id=\"1\"><label class=\"wpforms-field-label\" for=\"wpforms-2254-field_1\">Nom <span class=\"wpforms-required-label\" aria-hidden=\"true\">*<\/span><\/label><input type=\"text\" id=\"wpforms-2254-field_1\" class=\"wpforms-field-large wpforms-field-required\" name=\"wpforms[fields][1]\" aria-errormessage=\"wpforms-2254-field_1-error\" required><\/div><div id=\"wpforms-2254-field_2-container\" class=\"wpforms-field wpforms-field-email wpforms-one-half\" data-field-id=\"2\"><label class=\"wpforms-field-label\" for=\"wpforms-2254-field_2\">Email <span class=\"wpforms-required-label\" aria-hidden=\"true\">*<\/span><\/label><input type=\"email\" id=\"wpforms-2254-field_2\" class=\"wpforms-field-large wpforms-field-required\" name=\"wpforms[fields][2]\" spellcheck=\"false\" aria-errormessage=\"wpforms-2254-field_2-error\" required><\/div><div id=\"wpforms-2254-field_3-container\" class=\"wpforms-field wpforms-field-textarea\" data-field-id=\"3\"><label class=\"wpforms-field-label\" for=\"wpforms-2254-field_3\">Message<\/label><textarea id=\"wpforms-2254-field_3\" class=\"wpforms-field-medium\" name=\"wpforms[fields][3]\" aria-errormessage=\"wpforms-2254-field_3-error\" ><\/textarea><\/div><script>\n\t\t\t\t( function() {\n\t\t\t\t\tconst style = document.createElement( 'style' );\n\t\t\t\t\tstyle.appendChild( document.createTextNode( '#wpforms-2254-field_4-container { position: absolute !important; overflow: hidden !important; display: inline !important; height: 1px !important; width: 1px !important; z-index: -1000 !important; padding: 0 !important; } #wpforms-2254-field_4-container input { visibility: hidden; } #wpforms-conversational-form-page #wpforms-2254-field_4-container label { counter-increment: none; }' ) );\n\t\t\t\t\tdocument.head.appendChild( style );\n\t\t\t\t\tdocument.currentScript?.remove();\n\t\t\t\t} )();\n\t\t\t<\/script><\/div><!-- .wpforms-field-container --><div class=\"wpforms-submit-container\" ><input type=\"hidden\" name=\"wpforms[id]\" value=\"2254\"><input type=\"hidden\" name=\"page_title\" value=\"\"><input type=\"hidden\" name=\"page_url\" value=\"https:\/\/www.monsieurmoyen.com\/index.php?rest_route=\/wp\/v2\/pages\/1\"><input type=\"hidden\" name=\"url_referer\" value=\"\"><button type=\"submit\" name=\"wpforms[submit]\" id=\"wpforms-submit-2254\" class=\"wpforms-submit\" data-alt-text=\"En cours d&#039;envoi...\" data-submit-text=\"Envoyer\" aria-live=\"assertive\" value=\"wpforms-submit\">Envoyer<\/button><img loading=\"lazy\" decoding=\"async\" src=\"https:\/\/www.monsieurmoyen.com\/wp-content\/plugins\/wpforms-lite\/assets\/images\/submit-spin.svg\" class=\"wpforms-submit-spinner\" style=\"display: none;\" width=\"26\" height=\"26\" alt=\"Loading\"><\/div><\/form><\/div>  <!-- .wpforms-container --><\/div>\n<p><!--more--><br \/>\n<!-- {\"type\":\"layout\",\"children\":[{\"type\":\"section\",\"props\":{\"class\":\"uk-light\",\"header_transparent\":true,\"header_transparent_noplaceholder\":true,\"image_position\":\"center-center\",\"overlap\":false,\"padding\":\"none\",\"padding_remove_top\":false,\"preserve_color\":true,\"style\":\"muted\",\"title_breakpoint\":\"xl\",\"title_position\":\"top-left\",\"title_rotation\":\"left\",\"vertical_align\":\"\",\"width\":\"\"},\"children\":[{\"type\":\"row\",\"children\":[{\"type\":\"column\",\"props\":{\"image_position\":\"center-center\",\"position_sticky\":\"section\",\"position_sticky_breakpoint\":\"m\"},\"children\":[{\"type\":\"video\",\"props\":{\"animation\":\"scale-up\",\"margin\":\"default\",\"parallax_blur\":\"100\",\"parallax_opacity\":\"1,0\",\"position_z_index\":\"0\",\"video\":\"wp-content\\\/uploads\\\/2026\\\/03\\\/sitemoyencompress-1.mp4\",\"video_autoplay\":\"inview\",\"video_controls\":false,\"video_height\":\"972\",\"video_loop\":true,\"video_muted\":true,\"video_playsinline\":true,\"video_viewport_height\":true,\"video_width\":\"2560\"}}]}]},{\"type\":\"row\",\"children\":[{\"type\":\"column\",\"props\":{\"image_position\":\"center-center\",\"position_blend\":false,\"position_sticky_breakpoint\":\"m\",\"vertical_align\":\"middle\",\"width_medium\":\"1-3\"},\"children\":[{\"type\":\"headline\",\"props\":{\"blend\":false,\"content\":\"Monsieur Moyen,\\nQualit\\u00e9 sup\\u00e9rieure\",\"margin_remove_bottom\":false,\"margin_remove_top\":false,\"position\":\"absolute\",\"position_top\":\"500\",\"position_z_index\":\"1\",\"title_element\":\"h1\"}}]},{\"type\":\"column\",\"props\":{\"image_position\":\"center-center\",\"position_sticky_breakpoint\":\"m\",\"width_medium\":\"2-3\"}}],\"props\":{\"css\":\".el-row { margin-top: -100vh; }\",\"height_offset_top\":true,\"height_viewport\":0,\"layout\":\"1-3,2-3\",\"margin\":\"remove-vertical\",\"padding_remove_horizontal\":false,\"width\":\"expand\"}}],\"name\":\"Hero\"},{\"type\":\"section\",\"props\":{\"animation\":\"slide-bottom-small\",\"animation_delay\":\"100\",\"header_transparent\":false,\"id\":\"videos\",\"image_position\":\"center-center\",\"padding\":\"large\",\"padding_remove_bottom\":true,\"padding_remove_top\":true,\"style\":\"default\",\"title_breakpoint\":\"xl\",\"title_position\":\"top-left\",\"title_rotation\":\"left\",\"vertical_align\":\"\",\"width\":\"\"},\"children\":[{\"type\":\"row\",\"props\":{\"column_gap\":\"large\",\"layout\":\"1-2,1-2\",\"width\":\"expand\"},\"children\":[{\"type\":\"column\",\"props\":{\"image_position\":\"center-center\",\"position_sticky_breakpoint\":\"m\",\"width_medium\":\"expand\"}},{\"type\":\"column\",\"props\":{\"image_position\":\"center-center\",\"position_sticky_breakpoint\":\"m\",\"width_medium\":\"auto\"}}]},{\"type\":\"row\",\"children\":[{\"type\":\"column\",\"props\":{\"image_position\":\"center-center\",\"position_sticky_breakpoint\":\"m\"},\"children\":[{\"type\":\"gallery\",\"props\":{\"blend\":false,\"class\":\"uk-light\",\"content_expand\":false,\"filter\":true,\"filter_align\":\"center\",\"filter_all\":true,\"filter_animation\":\"false\",\"filter_grid_breakpoint\":\"m\",\"filter_grid_width\":\"auto\",\"filter_order\":\"manual\",\"filter_order_manual\":\"Commercial, Fiction, Music Video\",\"filter_position\":\"top\",\"filter_style\":\"subnav-divider\",\"grid_column_align\":false,\"grid_default\":\"1\",\"grid_medium\":\"\",\"grid_row_align\":false,\"grid_row_gap\":\"collapse\",\"image_expand\":false,\"image_loading\":true,\"image_min_height\":\"700\",\"image_orientation\":false,\"image_transition_border\":false,\"item_animation\":true,\"lightbox\":true,\"lightbox_bg_close\":true,\"lightbox_controls\":false,\"lightbox_counter\":false,\"lightbox_image_orientation\":false,\"lightbox_image_width\":\"920\",\"lightbox_video_autoplay\":\"true\",\"link_style\":\"default\",\"link_target\":true,\"link_text\":\"\",\"margin\":\"\",\"meta_align\":\"below-title\",\"meta_element\":\"div\",\"meta_style\":\"text-meta\",\"overlay_hover\":false,\"overlay_link\":true,\"overlay_mode\":\"caption\",\"overlay_padding\":\"none\",\"overlay_position\":\"center\",\"overlay_style\":\"\",\"overlay_transition\":\"fade\",\"overlay_transition_background\":true,\"show_content\":true,\"show_hover_image\":true,\"show_hover_video\":true,\"show_link\":true,\"show_meta\":true,\"show_title\":true,\"text_align\":\"center\",\"text_blend\":false,\"text_color\":\"\",\"text_color_hover\":false,\"title_element\":\"div\",\"title_font_family\":\"primary\",\"title_hover_style\":\"reset\",\"title_link\":true,\"title_margin\":\"small\",\"title_style\":\"heading-medium\"},\"children\":[{\"type\":\"gallery_item\",\"props\":{\"hover_video\":\"wp-content\\\/uploads\\\/2026\\\/03\\\/omie_preview.mp4\",\"image\":\"wp-content\\\/uploads\\\/2026\\\/03\\\/omie_preview.jpg\",\"link\":\"https:\\\/\\\/vimeo.com\\\/1170334723\",\"tags\":\"commercial\",\"text_color_hover\":false,\"title\":\"OMIE\"}},{\"type\":\"gallery_item\",\"props\":{\"hover_video\":\"wp-content\\\/uploads\\\/2026\\\/03\\\/ClementFaugierpreview.mp4\",\"image\":\"wp-content\\\/uploads\\\/2026\\\/03\\\/clementfaugier_preview.jpg\",\"link\":\"https:\\\/\\\/vimeo.com\\\/1089062595\",\"tags\":\"commercial\",\"title\":\"Cl\\u00e9ment Faugier\"}},{\"type\":\"gallery_item\",\"props\":{\"hover_image\":\"\",\"hover_video\":\"wp-content\\\/uploads\\\/2026\\\/03\\\/Medio_preview_site.mp4\",\"image\":\"wp-content\\\/uploads\\\/2026\\\/03\\\/Still-2026-03-06-224754_2.3.1.png\",\"lightbox_text_color\":\"light\",\"link\":\"https:\\\/\\\/vimeo.com\\\/1162239205\",\"tags\":\"Fiction\",\"text_color_hover\":false,\"title\":\"MEDIO!\",\"video\":\"\"}},{\"type\":\"gallery_item\",\"props\":{\"hover_image\":\"wp-content\\\/uploads\\\/2026\\\/03\\\/swnh.mp4\",\"hover_video\":\"\",\"image\":\"wp-content\\\/uploads\\\/2026\\\/03\\\/swnh_preview2-2-scaled.jpg\",\"link\":\"https:\\\/\\\/vimeo.com\\\/1069285054\",\"tags\":\"Fiction, music video\",\"title\":\"Some Wounds Never Heal\",\"video\":\"\"}},{\"type\":\"gallery_item\",\"props\":{\"hover_video\":\"wp-content\\\/uploads\\\/2026\\\/03\\\/Sontloseyourhead_preview.mp4\",\"image\":\"wp-content\\\/uploads\\\/2026\\\/03\\\/medio_preview.jpg\",\"link\":\"https:\\\/\\\/vimeo.com\\\/1102019909\",\"tags\":\"Fiction, music video\",\"title\":\"Don't Lose Your Head\"}},{\"type\":\"gallery_item\",\"props\":{\"hover_video\":\"wp-content\\\/uploads\\\/2026\\\/03\\\/alaf.mp4\",\"image\":\"wp-content\\\/uploads\\\/2026\\\/03\\\/thumbnailalaf-scaled.jpg\",\"link\":\"https:\\\/\\\/vimeo.com\\\/5542881\",\"tags\":\"music video\",\"title\":\"L'amour \\u00e0 la fran\\u00e7aise\",\"video\":\"\"}}]}]}]}],\"name\":\"VIDEOS\"},{\"type\":\"section\",\"props\":{\"id\":\"formations\",\"image_position\":\"center-center\",\"status\":\"disabled\",\"style\":\"default\",\"title_breakpoint\":\"xl\",\"title_position\":\"top-left\",\"title_rotation\":\"left\",\"vertical_align\":\"middle\",\"width\":\"default\"},\"children\":[{\"type\":\"row\",\"children\":[{\"type\":\"column\",\"props\":{\"image_position\":\"center-center\",\"position_sticky_breakpoint\":\"m\"}}]}]},{\"type\":\"section\",\"props\":{\"animation\":\"scale-up\",\"header_transparent\":false,\"id\":\"contact\",\"image_position\":\"center-center\",\"overlap\":false,\"padding_remove_top\":false,\"preserve_color\":false,\"style\":\"secondary\",\"title_breakpoint\":\"xl\",\"title_position\":\"top-left\",\"title_rotation\":\"left\",\"vertical_align\":\"middle\",\"width\":\"default\"},\"children\":[{\"type\":\"row\",\"children\":[{\"type\":\"column\",\"props\":{\"image_position\":\"center-center\",\"position_sticky_breakpoint\":\"m\"},\"children\":[{\"type\":\"headline\",\"props\":{\"content\":\"contact\",\"title_element\":\"h1\",\"title_style\":\"heading-large\"}},{\"type\":\"html\",\"props\":{\"content\":\"[wpforms id=\\\"2254\\\"]\"}}]}]}]}],\"version\":\"4.5.21\"} --><\/p>\n","protected":false},"excerpt":{"rendered":"<p>Monsieur Moyen, Qualit\u00e9 sup\u00e9rieure OMIE Cl\u00e9ment Faugier MEDIO! Some Wounds Never Heal Don&#8217;t Lose Your Head L&#8217;amour \u00e0 la fran\u00e7aise contact<\/p>\n","protected":false},"author":1,"featured_media":0,"parent":0,"menu_order":0,"comment_status":"closed","ping_status":"closed","template":"","meta":{"_acf_changed":false,"_themeisle_gutenberg_block_has_review":false,"footnotes":""},"class_list":["post-1","page","type-page","status-publish","hentry"],"acf":[],"_links":{"self":[{"href":"https:\/\/www.monsieurmoyen.com\/index.php?rest_route=\/wp\/v2\/pages\/1","targetHints":{"allow":["GET"]}}],"collection":[{"href":"https:\/\/www.monsieurmoyen.com\/index.php?rest_route=\/wp\/v2\/pages"}],"about":[{"href":"https:\/\/www.monsieurmoyen.com\/index.php?rest_route=\/wp\/v2\/types\/page"}],"author":[{"embeddable":true,"href":"https:\/\/www.monsieurmoyen.com\/index.php?rest_route=\/wp\/v2\/users\/1"}],"replies":[{"embeddable":true,"href":"https:\/\/www.monsieurmoyen.com\/index.php?rest_route=%2Fwp%2Fv2%2Fcomments&post=1"}],"version-history":[{"count":131,"href":"https:\/\/www.monsieurmoyen.com\/index.php?rest_route=\/wp\/v2\/pages\/1\/revisions"}],"predecessor-version":[{"id":2328,"href":"https:\/\/www.monsieurmoyen.com\/index.php?rest_route=\/wp\/v2\/pages\/1\/revisions\/2328"}],"wp:attachment":[{"href":"https:\/\/www.monsieurmoyen.com\/index.php?rest_route=%2Fwp%2Fv2%2Fmedia&parent=1"}],"curies":[{"name":"wp","href":"https:\/\/api.w.org\/{rel}","templated":true}]}}